{"id":831,"date":"2022-03-16T01:12:51","date_gmt":"2022-03-16T01:12:51","guid":{"rendered":"https:\/\/pharmacare.cl\/?page_id=831"},"modified":"2022-04-01T03:33:18","modified_gmt":"2022-04-01T03:33:18","slug":"noticias-anteriores","status":"publish","type":"page","link":"https:\/\/pharmacare.cl\/?page_id=831","title":{"rendered":"Noticias Anteriores"},"content":{"rendered":"<p>[vc_row css_animation=\u00bb\u00bb row_type=\u00bbrow\u00bb use_row_as_full_screen_section=\u00bbno\u00bb type=\u00bbfull_width\u00bb angled_section=\u00bbno\u00bb text_align=\u00bbleft\u00bb background_image_as_pattern=\u00bbwithout_pattern\u00bb css=\u00bb.vc_custom_1646783684385{padding-right: 80px !important;padding-left: 80px !important;}\u00bb z_index=\u00bb\u00bb][vc_column][vc_empty_space height=\u00bb64px\u00bb][\/vc_column][\/vc_row][vc_row css_animation=\u00bb\u00bb row_type=\u00bbrow\u00bb use_row_as_full_screen_section=\u00bbno\u00bb type=\u00bbfull_width\u00bb angled_section=\u00bbno\u00bb text_align=\u00bbleft\u00bb background_image_as_pattern=\u00bbwithout_pattern\u00bb css=\u00bb.vc_custom_1646783705828{padding-right: 80px !important;padding-left: 80px !important;}\u00bb z_index=\u00bb\u00bb][vc_column][vc_separator type=\u00bbnormal\u00bb color=\u00bb#adadad\u00bb][\/vc_column][\/vc_row][vc_row css_animation=\u00bb\u00bb row_type=\u00bbrow\u00bb use_row_as_full_screen_section=\u00bbno\u00bb type=\u00bbfull_width\u00bb angled_section=\u00bbno\u00bb text_align=\u00bbleft\u00bb background_image_as_pattern=\u00bbwithout_pattern\u00bb css=\u00bb.vc_custom_1646783705828{padding-right: 80px !important;padding-left: 80px !important;}\u00bb z_index=\u00bb\u00bb][vc_column][vc_column_text]<\/p>\n<h3 style=\"text-align: center;\">Noticias Anteriores<\/h3>\n<p>[\/vc_column_text][\/vc_column][\/vc_row][vc_row css_animation=\u00bb\u00bb row_type=\u00bbrow\u00bb use_row_as_full_screen_section=\u00bbno\u00bb type=\u00bbfull_width\u00bb angled_section=\u00bbno\u00bb text_align=\u00bbleft\u00bb background_image_as_pattern=\u00bbwithout_pattern\u00bb css=\u00bb.vc_custom_1646783705828{padding-right: 80px !important;padding-left: 80px !important;}\u00bb z_index=\u00bb\u00bb][vc_column][vc_separator type=\u00bbnormal\u00bb color=\u00bb#adadad\u00bb][vc_empty_space height=\u00bb64px\u00bb][\/vc_column][\/vc_row][vc_row css_animation=\u00bb\u00bb row_type=\u00bbrow\u00bb use_row_as_full_screen_section=\u00bbno\u00bb type=\u00bbfull_width\u00bb angled_section=\u00bbno\u00bb text_align=\u00bbcenter\u00bb background_image_as_pattern=\u00bbwithout_pattern\u00bb css=\u00bb.vc_custom_1647131321097{padding-right: 80px !important;padding-left: 80px !important;}\u00bb z_index=\u00bb\u00bb][vc_column css_animation=\u00bbnone\u00bb width=\u00bb1\/2&#8243;][vc_empty_space][vc_single_image image=\u00bb563&#8243; img_size=\u00bbmedium\u00bb alignment=\u00bbcenter\u00bb onclick=\u00bbcustom_link\u00bb qode_css_animation=\u00bbelement_from_top\u00bb qode_hover_animation=\u00bbzoom_in\u00bb transition_delay=\u00bb0.2&#8243; link=\u00bbhttps:\/\/pharmacare.cl\/?p=574&#8243;][vc_empty_space][vc_column_text]<\/p>\n<h4 style=\"text-align: center;\"><a href=\"https:\/\/pharmacare.cl\/?p=574\"><span style=\"color: #000000;\">QF Leslie Ram\u00edrez, encargada de Farmacovigilancia del Hospital del Pino: \u201cDebemos reportar cualquier reacci\u00f3n adversa a un medicamento\u201d<\/span><\/a><\/h4>\n<p>&nbsp;<\/p>\n<p style=\"text-align: center; font-size: 15px;\"><a href=\"https:\/\/pharmacare.cl\/?p=574\"><span style=\"color: #000000;\"><em>La profesional enfatiza que, aunque el sistema implementado por el ISP para la notificaci\u00f3n de reacciones adversas a medicamentos&#8230; ver m\u00e1s<\/em><\/span><\/a><\/p>\n<p>[\/vc_column_text][vc_empty_space][\/vc_column][vc_column width=\u00bb1\/2&#8243;][vc_empty_space height=\u00bb64px\u00bb][vc_single_image image=\u00bb561&#8243; img_size=\u00bbmedium\u00bb alignment=\u00bbcenter\u00bb onclick=\u00bbcustom_link\u00bb qode_css_animation=\u00bbelement_from_top\u00bb qode_hover_animation=\u00bbzoom_in\u00bb transition_delay=\u00bb0.2&#8243; link=\u00bbhttps:\/\/pharmacare.cl\/?p=586&#8243;][vc_empty_space][vc_column_text]<\/p>\n<h4 style=\"text-align: center;\"><a href=\"https:\/\/pharmacare.cl\/?p=586\"><span style=\"color: #000000;\">MINSAL promulga Norma T\u00e9cnica N\u00b0 204 sobre Dispositivos M\u00e9dicos que establece una Red Nacional de Tecnovigilancia<\/span><\/a><\/h4>\n<p>&nbsp;<\/p>\n<p style=\"text-align: center; font-size: 15px;\"><a href=\"https:\/\/pharmacare.cl\/?p=586\"><span style=\"color: #000000;\"><em>Con esta norma los prestadores de Salud deber\u00e1n notificar eventos e incidentes adversos asociados al uso de dispositivos m\u00e9dicos&#8230; ver m\u00e1s<\/em><\/span><\/a><\/p>\n<p>[\/vc_column_text][vc_empty_space][\/vc_column][\/vc_row][vc_row css_animation=\u00bb\u00bb row_type=\u00bbrow\u00bb use_row_as_full_screen_section=\u00bbno\u00bb type=\u00bbfull_width\u00bb angled_section=\u00bbno\u00bb text_align=\u00bbleft\u00bb background_image_as_pattern=\u00bbwithout_pattern\u00bb css=\u00bb.vc_custom_1646783705828{padding-right: 80px !important;padding-left: 80px !important;}\u00bb z_index=\u00bb\u00bb][vc_column][vc_separator type=\u00bbnormal\u00bb color=\u00bb#adadad\u00bb][\/vc_column][\/vc_row][vc_row css_animation=\u00bb\u00bb row_type=\u00bbrow\u00bb use_row_as_full_screen_section=\u00bbno\u00bb type=\u00bbfull_width\u00bb angled_section=\u00bbno\u00bb text_align=\u00bbleft\u00bb background_image_as_pattern=\u00bbwithout_pattern\u00bb css=\u00bb.vc_custom_1646783794930{padding-right: 80px !important;padding-left: 80px !important;}\u00bb z_index=\u00bb\u00bb][vc_column width=\u00bb1\/2&#8243;][vc_empty_space][vc_single_image image=\u00bb564&#8243; img_size=\u00bb170&#215;170&#8243; alignment=\u00bbcenter\u00bb onclick=\u00bbcustom_link\u00bb qode_css_animation=\u00bbelement_from_top\u00bb qode_hover_animation=\u00bbzoom_in\u00bb transition_delay=\u00bb0.2&#8243; link=\u00bbhttps:\/\/pharmacare.cl\/?p=589&#8243;][vc_empty_space][vc_column_text]<\/p>\n<h4 style=\"text-align: center;\"><a href=\"https:\/\/pharmacare.cl\/?p=589\"><span style=\"color: #000000;\">\u00bfCu\u00e1les son las funciones del responsable del Sistema de Tecnovigilancia de cada instituci\u00f3n seg\u00fan la Norma 204?<\/span><\/a><\/h4>\n<p>&nbsp;<\/p>\n<p style=\"text-align: center; font-size: 15px;\"><a href=\"https:\/\/pharmacare.cl\/?p=589\"><span style=\"color: #000000;\"><em>La recientemente promulgada Norma 204 estipula la designaci\u00f3n de un profesional como responsable del Sistema de Tecnovigilancia de su instituci\u00f3n&#8230; ver m\u00e1s<\/em><\/span><\/a><\/p>\n<p>[\/vc_column_text][vc_empty_space][\/vc_column][vc_column width=\u00bb1\/2&#8243;][vc_empty_space][vc_single_image image=\u00bb414&#8243; img_size=\u00bbmedium\u00bb alignment=\u00bbcenter\u00bb onclick=\u00bbcustom_link\u00bb qode_css_animation=\u00bbelement_from_top\u00bb qode_hover_animation=\u00bbzoom_in\u00bb transition_delay=\u00bb0.2&#8243; link=\u00bbhttps:\/\/pharmacare.cl\/?p=450&#8243;][vc_empty_space][vc_column_text]<\/p>\n<h4 style=\"text-align: center;\"><a href=\"https:\/\/pharmacare.cl\/?p=450\"><span style=\"color: #000000;\">CleanDrugs: El Primer Software Chileno Que Alerta Errores De Medicaci\u00f3n<\/span><\/a><\/h4>\n<p>&nbsp;<\/p>\n<p style=\"text-align: center; font-size: 15px;\"><a href=\"https:\/\/pharmacare.cl\/?p=450\"><span style=\"color: #000000;\"><em>La iniciativa, adem\u00e1s de proteger la salud de los pacientes, busca reducir sus gastos y de los distintos centros m\u00e9dicos a largo de Chile&#8230; ver m\u00e1s<\/em><\/span><\/a><\/p>\n<p>[\/vc_column_text][vc_empty_space][\/vc_column][\/vc_row][vc_row css_animation=\u00bb\u00bb row_type=\u00bbrow\u00bb use_row_as_full_screen_section=\u00bbno\u00bb type=\u00bbfull_width\u00bb angled_section=\u00bbno\u00bb text_align=\u00bbleft\u00bb background_image_as_pattern=\u00bbwithout_pattern\u00bb css=\u00bb.vc_custom_1646783794930{padding-right: 80px !important;padding-left: 80px !important;}\u00bb z_index=\u00bb\u00bb][vc_column][vc_separator type=\u00bbnormal\u00bb color=\u00bb#adadad\u00bb][\/vc_column][\/vc_row][vc_row css_animation=\u00bb\u00bb row_type=\u00bbrow\u00bb use_row_as_full_screen_section=\u00bbno\u00bb type=\u00bbfull_width\u00bb angled_section=\u00bbno\u00bb text_align=\u00bbleft\u00bb background_image_as_pattern=\u00bbwithout_pattern\u00bb][vc_column width=\u00bb1\/2&#8243;][vc_empty_space][vc_single_image image=\u00bb567&#8243; img_size=\u00bbmedium\u00bb alignment=\u00bbcenter\u00bb onclick=\u00bbcustom_link\u00bb qode_css_animation=\u00bbelement_from_top\u00bb qode_hover_animation=\u00bbzoom_in\u00bb transition_delay=\u00bb0.2&#8243; link=\u00bbhttps:\/\/pharmacare.cl\/?p=604&#8243;][vc_empty_space][vc_column_text]<\/p>\n<h4 style=\"text-align: center;\"><a href=\"https:\/\/pharmacare.cl\/?p=604\"><span style=\"color: #000000;\">QF Mauricio Huberman: \u00abCuando el ISP comenz\u00f3 a inspeccionar, se encontraron que muchos ten\u00edan los dispositivos m\u00e9dicos en los cl\u00f3sets de sus casas\u00bb<\/span><\/a><\/h4>\n<p>&nbsp;<\/p>\n<p style=\"text-align: center; font-size: 15px;\"><a href=\"https:\/\/pharmacare.cl\/?p=604\"><span style=\"color: #000000;\"><em>Aquel que trae estos productos a Chile, \u00abtiene que tener bodegas adecuadas y contar con un director t\u00e9cnico con competencias en el \u00e1rea&#8230; ver m\u00e1s<\/em><\/span><\/a><\/p>\n<p>[\/vc_column_text][vc_empty_space][\/vc_column][vc_column width=\u00bb1\/2&#8243;][vc_empty_space][vc_single_image image=\u00bb566&#8243; img_size=\u00bbmedium\u00bb alignment=\u00bbcenter\u00bb onclick=\u00bbcustom_link\u00bb qode_css_animation=\u00bbelement_from_top\u00bb qode_hover_animation=\u00bbzoom_in\u00bb transition_delay=\u00bb0.2&#8243; link=\u00bbhttps:\/\/pharmacare.cl\/?p=599&#8243;][vc_empty_space][vc_column_text]<\/p>\n<h4 style=\"text-align: center;\"><span style=\"color: #000000;\"><a href=\"https:\/\/pharmacare.cl\/?p=599\">Q.F. Jeanette Nazal, presidenta de la Sociedad Chilena de Qu\u00edmicos Cosm\u00e9ticos: \u00abLa clave del \u00e9xit<\/a>o hoy es la innovaci\u00f3n, los productos con sentido, que entreguen un plus al usuario final\u00bb<\/span><\/h4>\n<p>&nbsp;<\/p>\n<p style=\"text-align: center; font-size: 15px;\"><a href=\"https:\/\/pharmacare.cl\/?p=599\"><span style=\"color: #000000;\"><em>Creada al alero del Colegio de Qu\u00edmicos Farmac\u00e9uticos en 1965, la Sociedad Chilena de Qu\u00edmicos Cosm\u00e9ticos ha participado del crecimiento sostenido&#8230; ver m\u00e1s<\/em><\/span><\/a><\/p>\n<p>[\/vc_column_text][vc_empty_space][\/vc_column][\/vc_row][vc_row css_animation=\u00bb\u00bb row_type=\u00bbrow\u00bb use_row_as_full_screen_section=\u00bbno\u00bb type=\u00bbfull_width\u00bb angled_section=\u00bbno\u00bb text_align=\u00bbleft\u00bb background_image_as_pattern=\u00bbwithout_pattern\u00bb css=\u00bb.vc_custom_1646783794930{padding-right: 80px !important;padding-left: 80px !important;}\u00bb z_index=\u00bb\u00bb][vc_column][vc_separator type=\u00bbnormal\u00bb color=\u00bb#adadad\u00bb][\/vc_column][\/vc_row][vc_row css_animation=\u00bb\u00bb row_type=\u00bbrow\u00bb use_row_as_full_screen_section=\u00bbno\u00bb type=\u00bbfull_width\u00bb angled_section=\u00bbno\u00bb text_align=\u00bbleft\u00bb background_image_as_pattern=\u00bbwithout_pattern\u00bb][vc_column width=\u00bb1\/2&#8243;][vc_empty_space][vc_single_image image=\u00bb417&#8243; img_size=\u00bbmedium\u00bb alignment=\u00bbcenter\u00bb onclick=\u00bbcustom_link\u00bb qode_css_animation=\u00bbelement_from_top\u00bb qode_hover_animation=\u00bbzoom_in\u00bb transition_delay=\u00bb0.2&#8243; link=\u00bbhttps:\/\/pharmacare.cl\/?p=607&#8243;][vc_empty_space][vc_column_text]<\/p>\n<h4 style=\"text-align: center;\"><a href=\"https:\/\/pharmacare.cl\/?p=607\"><span style=\"color: #000000;\">A pedido del p\u00fablico, nuevas versiones de los cursos m\u00e1s exitosos<\/span><\/a><\/h4>\n<p>&nbsp;<\/p>\n<p style=\"text-align: center; font-size: 15px;\"><a href=\"https:\/\/pharmacare.cl\/?p=607\"><span style=\"color: #000000;\"><em>Un mes muy movido fue octubre para Pharmaceutical CARE. Entre su amplia oferta de cursos destacaron aquellos que tuvieron una nueva versi\u00f3n&#8230; ver m\u00e1s<\/em><\/span><\/a><\/p>\n<p>[\/vc_column_text][vc_empty_space][\/vc_column][vc_column width=\u00bb1\/2&#8243;][vc_empty_space][vc_single_image image=\u00bb568&#8243; img_size=\u00bbmedium\u00bb alignment=\u00bbcenter\u00bb onclick=\u00bbcustom_link\u00bb qode_css_animation=\u00bbelement_from_top\u00bb qode_hover_animation=\u00bbzoom_in\u00bb transition_delay=\u00bb0.2&#8243; link=\u00bbhttps:\/\/pharmacare.cl\/?p=611&#8243;][vc_empty_space][vc_column_text]<\/p>\n<h4 style=\"text-align: center;\"><a href=\"https:\/\/pharmacare.cl\/?p=611\"><span style=\"color: #000000;\">\u00a1Vamos a tu lugar de trabajo!<\/span><\/a><\/h4>\n<p>&nbsp;<\/p>\n<p style=\"text-align: center; font-size: 15px;\"><a href=\"https:\/\/pharmacare.cl\/?p=611\"><span style=\"color: #000000;\"><em>Profesionales altamente calificados de Pharmaceutical CARE van a tu lugar de trabajo y capacitan a tus profesionales en diversas \u00e1reas, tales como&#8230; ver m\u00e1s<\/em><\/span><\/a><\/p>\n<p>[\/vc_column_text][vc_empty_space][\/vc_column][\/vc_row][vc_row css_animation=\u00bb\u00bb row_type=\u00bbrow\u00bb use_row_as_full_screen_section=\u00bbno\u00bb type=\u00bbfull_width\u00bb angled_section=\u00bbno\u00bb text_align=\u00bbleft\u00bb background_image_as_pattern=\u00bbwithout_pattern\u00bb css=\u00bb.vc_custom_1646783794930{padding-right: 80px !important;padding-left: 80px !important;}\u00bb z_index=\u00bb\u00bb][vc_column][vc_separator type=\u00bbnormal\u00bb color=\u00bb#adadad\u00bb][\/vc_column][\/vc_row]<\/p>\n","protected":false},"excerpt":{"rendered":"<p>[vc_row css_animation=\u00bb\u00bb row_type=\u00bbrow\u00bb use_row_as_full_screen_section=\u00bbno\u00bb type=\u00bbfull_width\u00bb angled_section=\u00bbno\u00bb text_align=\u00bbleft\u00bb background_image_as_pattern=\u00bbwithout_pattern\u00bb css=\u00bb.vc_custom_1646783684385{padding-right: 80px !important;padding-left: 80px !important;}\u00bb z_index=\u00bb\u00bb][vc_column][vc_empty_space height=\u00bb64px\u00bb][\/vc_column][\/vc_row][vc_row css_animation=\u00bb\u00bb row_type=\u00bbrow\u00bb use_row_as_full_screen_section=\u00bbno\u00bb type=\u00bbfull_width\u00bb angled_section=\u00bbno\u00bb text_align=\u00bbleft\u00bb background_image_as_pattern=\u00bbwithout_pattern\u00bb css=\u00bb.vc_custom_1646783705828{padding-right: 80px !important;padding-left: 80px !important;}\u00bb z_index=\u00bb\u00bb][vc_column][vc_separator type=\u00bbnormal\u00bb color=\u00bb#adadad\u00bb][\/vc_column][\/vc_row][vc_row css_animation=\u00bb\u00bb row_type=\u00bbrow\u00bb use_row_as_full_screen_section=\u00bbno\u00bb type=\u00bbfull_width\u00bb angled_section=\u00bbno\u00bb text_align=\u00bbleft\u00bb background_image_as_pattern=\u00bbwithout_pattern\u00bb css=\u00bb.vc_custom_1646783705828{padding-right: 80px !important;padding-left: 80px !important;}\u00bb z_index=\u00bb\u00bb][vc_column][vc_column_text] Noticias Anteriores&#8230;<\/p>\n","protected":false},"author":1,"featured_media":0,"parent":0,"menu_order":0,"comment_status":"closed","ping_status":"closed","template":"","meta":{"footnotes":""},"class_list":["post-831","page","type-page","status-publish","hentry"],"_links":{"self":[{"href":"https:\/\/pharmacare.cl\/index.php?rest_route=\/wp\/v2\/pages\/831","targetHints":{"allow":["GET"]}}],"collection":[{"href":"https:\/\/pharmacare.cl\/index.php?rest_route=\/wp\/v2\/pages"}],"about":[{"href":"https:\/\/pharmacare.cl\/index.php?rest_route=\/wp\/v2\/types\/page"}],"author":[{"embeddable":true,"href":"https:\/\/pharmacare.cl\/index.php?rest_route=\/wp\/v2\/users\/1"}],"replies":[{"embeddable":true,"href":"https:\/\/pharmacare.cl\/index.php?rest_route=%2Fwp%2Fv2%2Fcomments&post=831"}],"version-history":[{"count":6,"href":"https:\/\/pharmacare.cl\/index.php?rest_route=\/wp\/v2\/pages\/831\/revisions"}],"predecessor-version":[{"id":1191,"href":"https:\/\/pharmacare.cl\/index.php?rest_route=\/wp\/v2\/pages\/831\/revisions\/1191"}],"wp:attachment":[{"href":"https:\/\/pharmacare.cl\/index.php?rest_route=%2Fwp%2Fv2%2Fmedia&parent=831"}],"curies":[{"name":"wp","href":"https:\/\/api.w.org\/{rel}","templated":true}]}}